{"id":2266,"date":"2024-07-11T19:32:03","date_gmt":"2024-07-11T19:32:03","guid":{"rendered":"https:\/\/edinramirez.com\/?page_id=2266"},"modified":"2024-07-12T05:57:54","modified_gmt":"2024-07-12T05:57:54","slug":"ganado","status":"publish","type":"page","link":"https:\/\/edinramirez.com\/index.php\/ganado\/","title":{"rendered":"Ganado"},"content":{"rendered":"<div class=\"wpb-content-wrapper\"><p>[vc_row full_width=\u00bbstretch_row_content_no_spaces\u00bb][vc_column][rev_slider_vc alias=\u00bbhome-2&#8243;][\/vc_column][\/vc_row][vc_row css_animation=\u00bbbounceInLeft\u00bb][vc_column][vc_empty_space height=\u00bb40px\u00bb][vc_row_inner equal_height=\u00bbyes\u00bb content_placement=\u00bbtop\u00bb][vc_column_inner width=\u00bb1\/2&#8243; css=\u00bb.vc_custom_1720763872578{padding-top: 300px !important;padding-bottom: 213px !important;background-image: url(https:\/\/edinramirez.com\/wp-content\/uploads\/2024\/07\/GanadoN_001Web.jpg?id=2273) !important;background-position: center !important;background-repeat: no-repeat !important;background-size: cover !important;}\u00bb offset=\u00bbvc_col-md-4&#8243;][\/vc_column_inner][vc_column_inner width=\u00bb1\/2&#8243; css=\u00bb.vc_custom_1555388621593{padding-top: 0px !important;background-color: #ffffff !important;}\u00bb offset=\u00bbvc_col-md-8&#8243;][vc_column_text css=\u00bb.vc_custom_1719497103860{margin-bottom: 0px !important;background-color: #ffffff !important;}\u00bb el_class=\u00bbpadding-box-3&#8243;]<\/p>\n<div class=\"section-head \">\n<h6>Edin Ramirez<\/h6>\n<h2 class=\"section-title\">Ganado<\/h2>\n<\/div>\n<div class=\"gaps\"><\/div>\n<p style=\"text-align: justify;\">Ubicado en Estanzuela, Zacapa, es reconocido por su excelente estado y cuidado excepcional. Con el mayor n\u00famero de cabezas de ganado en la regi\u00f3n, nos enorgullecemos de garantizar una alimentaci\u00f3n balanceada y un cuidado meticuloso para cada res. Nuestro compromiso con la calidad se refleja en la nutrici\u00f3n de primera clase que reciben, asegurando que est\u00e9n en \u00f3ptimas condiciones para su venta.<\/p>\n<p>[\/vc_column_text][vc_gallery interval=\u00bb3&#8243; images=\u00bb2239,2240,2273,2274,2275,2276,2277&#8243; img_size=\u00bbfull\u00bb css=\u00bb\u00bb][\/vc_column_inner][\/vc_row_inner][\/vc_column][\/vc_row]<\/p>\n<\/div>","protected":false},"excerpt":{"rendered":"<p>[vc_row full_width=\u00bbstretch_row_content_no_spaces\u00bb][vc_column][rev_slider_vc alias=\u00bbhome-2&#8243;][\/vc_column][\/vc_row][vc_row css_animation=\u00bbbounceInLeft\u00bb][vc_column][vc_empty_space height=\u00bb40px\u00bb][vc_row_inner equal_height=\u00bbyes\u00bb content_placement=\u00bbtop\u00bb][vc_column_inner width=\u00bb1\/2&#8243; css=\u00bb.vc_custom_1720763872578{padding-top: 300px !important;padding-bottom: 213px !important;background-image: url(https:\/\/edinramirez.com\/wp-content\/uploads\/2024\/07\/GanadoN_001Web.jpg?id=2273) !important;background-position: center !important;background-repeat: no-repeat !important;background-size: cover !important;}\u00bb offset=\u00bbvc_col-md-4&#8243;][\/vc_column_inner][vc_column_inner width=\u00bb1\/2&#8243; css=\u00bb.vc_custom_1555388621593{padding-top: 0px !important;background-color: #ffffff !important;}\u00bb offset=\u00bbvc_col-md-8&#8243;][vc_column_text css=\u00bb.vc_custom_1719497103860{margin-bottom: 0px !important;background-color: #ffffff !important;}\u00bb el_class=\u00bbpadding-box-3&#8243;] Edin Ramirez Ganado Ubicado en Estanzuela, Zacapa, es reconocido por su excelente estado y cuidado excepcional. Con el mayor n\u00famero [&hellip;]<\/p>\n","protected":false},"author":1,"featured_media":0,"parent":0,"menu_order":0,"comment_status":"closed","ping_status":"closed","template":"","meta":{"footnotes":""},"class_list":["post-2266","page","type-page","status-publish","hentry"],"_links":{"self":[{"href":"https:\/\/edinramirez.com\/index.php\/wp-json\/wp\/v2\/pages\/2266","targetHints":{"allow":["GET"]}}],"collection":[{"href":"https:\/\/edinramirez.com\/index.php\/wp-json\/wp\/v2\/pages"}],"about":[{"href":"https:\/\/edinramirez.com\/index.php\/wp-json\/wp\/v2\/types\/page"}],"author":[{"embeddable":true,"href":"https:\/\/edinramirez.com\/index.php\/wp-json\/wp\/v2\/users\/1"}],"replies":[{"embeddable":true,"href":"https:\/\/edinramirez.com\/index.php\/wp-json\/wp\/v2\/comments?post=2266"}],"version-history":[{"count":3,"href":"https:\/\/edinramirez.com\/index.php\/wp-json\/wp\/v2\/pages\/2266\/revisions"}],"predecessor-version":[{"id":2278,"href":"https:\/\/edinramirez.com\/index.php\/wp-json\/wp\/v2\/pages\/2266\/revisions\/2278"}],"wp:attachment":[{"href":"https:\/\/edinramirez.com\/index.php\/wp-json\/wp\/v2\/media?parent=2266"}],"curies":[{"name":"wp","href":"https:\/\/api.w.org\/{rel}","templated":true}]}}