{"id":2262,"date":"2024-07-11T19:30:58","date_gmt":"2024-07-11T19:30:58","guid":{"rendered":"https:\/\/edinramirez.com\/?page_id=2262"},"modified":"2024-07-12T06:04:39","modified_gmt":"2024-07-12T06:04:39","slug":"pipas","status":"publish","type":"page","link":"https:\/\/edinramirez.com\/index.php\/pipas\/","title":{"rendered":"Renta De Pipas"},"content":{"rendered":"<div class=\"wpb-content-wrapper\"><p>[vc_row full_width=\u00bbstretch_row_content_no_spaces\u00bb][vc_column][rev_slider_vc alias=\u00bbhome-2&#8243;][\/vc_column][\/vc_row][vc_row css_animation=\u00bbbounceInRight\u00bb][vc_column][vc_empty_space height=\u00bb40px\u00bb][vc_row_inner equal_height=\u00bbyes\u00bb content_placement=\u00bbtop\u00bb][vc_column_inner width=\u00bb1\/2&#8243; css=\u00bb.vc_custom_1720764275670{padding-top: 300px !important;padding-bottom: 213px !important;background-image: url(https:\/\/edinramirez.com\/wp-content\/uploads\/2024\/06\/Web_Pipas04.jpg?id=2216) !important;background-position: center !important;background-repeat: no-repeat !important;background-size: cover !important;}\u00bb offset=\u00bbvc_col-md-4&#8243;][\/vc_column_inner][vc_column_inner width=\u00bb1\/2&#8243; css=\u00bb.vc_custom_1555388621593{padding-top: 0px !important;background-color: #ffffff !important;}\u00bb offset=\u00bbvc_col-md-8&#8243;][vc_column_text css=\u00bb.vc_custom_1719550064773{margin-bottom: 0px !important;background-color: #ffffff !important;}\u00bb el_class=\u00bbpadding-box-3&#8243;]<\/p>\n<div class=\"section-head \">\n<h6>Edin Ramirez<\/h6>\n<h2 class=\"section-title\">Renta de Pipas<\/h2>\n<\/div>\n<div class=\"gaps\"><\/div>\n<p style=\"text-align: justify;\">En TRANSPORTES KEVY, nos especializamos en ofrecer servicios de renta de pipas para el transporte seguro y eficiente de combustibles, estamos aqu\u00ed para proporcionarte la soluci\u00f3n log\u00edstica que necesitas.<br \/>\nNuestras pipas est\u00e1n dise\u00f1adas y mantenidas seg\u00fan los m\u00e1s altos est\u00e1ndares de seguridad y calidad. Cada unidad est\u00e1 equipada con tecnolog\u00eda avanzada para garantizar la integridad del producto durante el transporte y para cumplir con las regulaciones ambientales y de seguridad m\u00e1s estrictas.<\/p>\n<p>De 4,000 y 8,000 galones<\/p>\n<p>[\/vc_column_text][vc_gallery interval=\u00bb3&#8243; images=\u00bb2213,2214,2215,2216,2217,2218,2219&#8243; img_size=\u00bbfull\u00bb css=\u00bb\u00bb][\/vc_column_inner][\/vc_row_inner][\/vc_column][\/vc_row]<\/p>\n<\/div>","protected":false},"excerpt":{"rendered":"<p>[vc_row full_width=\u00bbstretch_row_content_no_spaces\u00bb][vc_column][rev_slider_vc alias=\u00bbhome-2&#8243;][\/vc_column][\/vc_row][vc_row css_animation=\u00bbbounceInRight\u00bb][vc_column][vc_empty_space height=\u00bb40px\u00bb][vc_row_inner equal_height=\u00bbyes\u00bb content_placement=\u00bbtop\u00bb][vc_column_inner width=\u00bb1\/2&#8243; css=\u00bb.vc_custom_1720764275670{padding-top: 300px !important;padding-bottom: 213px !important;background-image: url(https:\/\/edinramirez.com\/wp-content\/uploads\/2024\/06\/Web_Pipas04.jpg?id=2216) !important;background-position: center !important;background-repeat: no-repeat !important;background-size: cover !important;}\u00bb offset=\u00bbvc_col-md-4&#8243;][\/vc_column_inner][vc_column_inner width=\u00bb1\/2&#8243; css=\u00bb.vc_custom_1555388621593{padding-top: 0px !important;background-color: #ffffff !important;}\u00bb offset=\u00bbvc_col-md-8&#8243;][vc_column_text css=\u00bb.vc_custom_1719550064773{margin-bottom: 0px !important;background-color: #ffffff !important;}\u00bb el_class=\u00bbpadding-box-3&#8243;] Edin Ramirez Renta de Pipas En TRANSPORTES KEVY, nos especializamos en ofrecer servicios de renta de pipas para el transporte [&hellip;]<\/p>\n","protected":false},"author":1,"featured_media":0,"parent":0,"menu_order":0,"comment_status":"closed","ping_status":"closed","template":"","meta":{"footnotes":""},"class_list":["post-2262","page","type-page","status-publish","hentry"],"_links":{"self":[{"href":"https:\/\/edinramirez.com\/index.php\/wp-json\/wp\/v2\/pages\/2262","targetHints":{"allow":["GET"]}}],"collection":[{"href":"https:\/\/edinramirez.com\/index.php\/wp-json\/wp\/v2\/pages"}],"about":[{"href":"https:\/\/edinramirez.com\/index.php\/wp-json\/wp\/v2\/types\/page"}],"author":[{"embeddable":true,"href":"https:\/\/edinramirez.com\/index.php\/wp-json\/wp\/v2\/users\/1"}],"replies":[{"embeddable":true,"href":"https:\/\/edinramirez.com\/index.php\/wp-json\/wp\/v2\/comments?post=2262"}],"version-history":[{"count":3,"href":"https:\/\/edinramirez.com\/index.php\/wp-json\/wp\/v2\/pages\/2262\/revisions"}],"predecessor-version":[{"id":2282,"href":"https:\/\/edinramirez.com\/index.php\/wp-json\/wp\/v2\/pages\/2262\/revisions\/2282"}],"wp:attachment":[{"href":"https:\/\/edinramirez.com\/index.php\/wp-json\/wp\/v2\/media?parent=2262"}],"curies":[{"name":"wp","href":"https:\/\/api.w.org\/{rel}","templated":true}]}}