{"id":2258,"date":"2024-07-11T19:29:57","date_gmt":"2024-07-11T19:29:57","guid":{"rendered":"https:\/\/edinramirez.com\/?page_id=2258"},"modified":"2024-07-12T06:10:31","modified_gmt":"2024-07-12T06:10:31","slug":"porta-contenedores","status":"publish","type":"page","link":"https:\/\/edinramirez.com\/index.php\/porta-contenedores\/","title":{"rendered":"Porta Contenedores"},"content":{"rendered":"<div class=\"wpb-content-wrapper\"><p>[vc_row full_width=\u00bbstretch_row_content_no_spaces\u00bb][vc_column][rev_slider_vc alias=\u00bbhome-2&#8243;][\/vc_column][\/vc_row][vc_row css_animation=\u00bbbounceInRight\u00bb][vc_column][vc_empty_space height=\u00bb40px\u00bb][vc_row_inner equal_height=\u00bbyes\u00bb content_placement=\u00bbtop\u00bb][vc_column_inner width=\u00bb1\/2&#8243; css=\u00bb.vc_custom_1720764575165{padding-top: 300px !important;padding-bottom: 213px !important;background-image: url(https:\/\/edinramirez.com\/wp-content\/uploads\/2024\/07\/Ganado_004Web.jpg?id=2286) !important;background-position: center !important;background-repeat: no-repeat !important;background-size: cover !important;}\u00bb offset=\u00bbvc_col-md-4&#8243;][\/vc_column_inner][vc_column_inner width=\u00bb1\/2&#8243; css=\u00bb.vc_custom_1555388621593{padding-top: 0px !important;background-color: #ffffff !important;}\u00bb offset=\u00bbvc_col-md-8&#8243;][vc_column_text css=\u00bb.vc_custom_1719494881687{margin-bottom: 0px !important;background-color: #ffffff !important;}\u00bb el_class=\u00bbpadding-box-3&#8243;]<\/p>\n<div class=\"section-head \">\n<h6>Edin Ramirez<\/h6>\n<h2 class=\"section-title\">Venta y Renta de Portacontenedores<\/h2>\n<\/div>\n<div class=\"gaps\"><\/div>\n<p style=\"text-align: justify;\">En TRANSPORTES KEVY, nos especializamos en proporcionar chasis de camiones de alta calidad para satisfacer las necesidades espec\u00edficas de tu negocio. Ya sea que est\u00e9s buscando expandir tu flota existente, necesites soluciones temporales o desees optimizar tu log\u00edstica de distribuci\u00f3n, estamos aqu\u00ed para ayudarte.<\/p>\n<p>Nuestros chasis de camiones est\u00e1n dise\u00f1ados para ofrecer robustez, confiabilidad y flexibilidad, asegurando que puedas cumplir con tus compromisos de entrega de manera eficiente y sin complicaciones.<\/p>\n<p>Medidas de chasis 40 pies, de 2 y 3 ejes[\/vc_column_text][vc_gallery interval=\u00bb3&#8243; images=\u00bb2245,2246,2288,2289,2290&#8243; img_size=\u00bbfull\u00bb css=\u00bb\u00bb][\/vc_column_inner][\/vc_row_inner][\/vc_column][\/vc_row]<\/p>\n<\/div>","protected":false},"excerpt":{"rendered":"<p>[vc_row full_width=\u00bbstretch_row_content_no_spaces\u00bb][vc_column][rev_slider_vc alias=\u00bbhome-2&#8243;][\/vc_column][\/vc_row][vc_row css_animation=\u00bbbounceInRight\u00bb][vc_column][vc_empty_space height=\u00bb40px\u00bb][vc_row_inner equal_height=\u00bbyes\u00bb content_placement=\u00bbtop\u00bb][vc_column_inner width=\u00bb1\/2&#8243; css=\u00bb.vc_custom_1720764575165{padding-top: 300px !important;padding-bottom: 213px !important;background-image: url(https:\/\/edinramirez.com\/wp-content\/uploads\/2024\/07\/Ganado_004Web.jpg?id=2286) !important;background-position: center !important;background-repeat: no-repeat !important;background-size: cover !important;}\u00bb offset=\u00bbvc_col-md-4&#8243;][\/vc_column_inner][vc_column_inner width=\u00bb1\/2&#8243; css=\u00bb.vc_custom_1555388621593{padding-top: 0px !important;background-color: #ffffff !important;}\u00bb offset=\u00bbvc_col-md-8&#8243;][vc_column_text css=\u00bb.vc_custom_1719494881687{margin-bottom: 0px !important;background-color: #ffffff !important;}\u00bb el_class=\u00bbpadding-box-3&#8243;] Edin Ramirez Venta y Renta de Portacontenedores En TRANSPORTES KEVY, nos especializamos en proporcionar chasis de camiones de alta calidad [&hellip;]<\/p>\n","protected":false},"author":1,"featured_media":0,"parent":0,"menu_order":0,"comment_status":"closed","ping_status":"closed","template":"","meta":{"footnotes":""},"class_list":["post-2258","page","type-page","status-publish","hentry"],"_links":{"self":[{"href":"https:\/\/edinramirez.com\/index.php\/wp-json\/wp\/v2\/pages\/2258","targetHints":{"allow":["GET"]}}],"collection":[{"href":"https:\/\/edinramirez.com\/index.php\/wp-json\/wp\/v2\/pages"}],"about":[{"href":"https:\/\/edinramirez.com\/index.php\/wp-json\/wp\/v2\/types\/page"}],"author":[{"embeddable":true,"href":"https:\/\/edinramirez.com\/index.php\/wp-json\/wp\/v2\/users\/1"}],"replies":[{"embeddable":true,"href":"https:\/\/edinramirez.com\/index.php\/wp-json\/wp\/v2\/comments?post=2258"}],"version-history":[{"count":4,"href":"https:\/\/edinramirez.com\/index.php\/wp-json\/wp\/v2\/pages\/2258\/revisions"}],"predecessor-version":[{"id":2292,"href":"https:\/\/edinramirez.com\/index.php\/wp-json\/wp\/v2\/pages\/2258\/revisions\/2292"}],"wp:attachment":[{"href":"https:\/\/edinramirez.com\/index.php\/wp-json\/wp\/v2\/media?parent=2258"}],"curies":[{"name":"wp","href":"https:\/\/api.w.org\/{rel}","templated":true}]}}