{"id":2256,"date":"2024-07-11T19:29:06","date_gmt":"2024-07-11T19:29:06","guid":{"rendered":"https:\/\/edinramirez.com\/?page_id=2256"},"modified":"2024-07-12T06:14:37","modified_gmt":"2024-07-12T06:14:37","slug":"estancionservicio","status":"publish","type":"page","link":"https:\/\/edinramirez.com\/index.php\/estancionservicio\/","title":{"rendered":"Estaci\u00f3n de Servicio"},"content":{"rendered":"<div class=\"wpb-content-wrapper\"><p>[vc_row full_width=\u00bbstretch_row_content_no_spaces\u00bb][vc_column][rev_slider_vc alias=\u00bbhome-2&#8243;][\/vc_column][\/vc_row][vc_row equal_height=\u00bbyes\u00bb content_placement=\u00bbtop\u00bb css_animation=\u00bbbounceInLeft\u00bb][vc_column el_class=\u00bbtop-120&#8243;][vc_row_inner equal_height=\u00bbyes\u00bb content_placement=\u00bbtop\u00bb][vc_column_inner width=\u00bb1\/2&#8243; css=\u00bb.vc_custom_1720764873613{padding-top: 300px !important;padding-bottom: 213px !important;background-position: center !important;background-repeat: no-repeat !important;background-size: cover !important;}\u00bb offset=\u00bbvc_col-md-4&#8243;][\/vc_column_inner][vc_column_inner width=\u00bb1\/2&#8243; css=\u00bb.vc_custom_1555388621593{padding-top: 0px !important;background-color: #ffffff !important;}\u00bb offset=\u00bbvc_col-md-8&#8243;][vc_column_text css=\u00bb.vc_custom_1720764770654{margin-bottom: 0px !important;background-color: #ffffff !important;}\u00bb el_class=\u00bbpadding-box-3&#8243;]<\/p>\n<div class=\"section-head \">\n<h6>Edin Ramirez<\/h6>\n<h2 class=\"section-title\">Estaci\u00f3n de Servicio<\/h2>\n<\/div>\n<div class=\"gaps\"><\/div>\n<p style=\"text-align: justify;\">En nuestra estaci\u00f3n, nos enorgullece ofrecer una experiencia excepcional para cada cliente que nos visita. Diferenci\u00e1ndonos por nuestra atenci\u00f3n al cliente de primera y nuestro combustible de calidad superior, nos esforzamos por ser mucho m\u00e1s que una simple parada en el camino.<br \/>\nNuestra estaci\u00f3n de servicio es el lugar perfecto para que los viajeros hagan una pausa y recarguen tanto sus veh\u00edculos como sus energ\u00edas. Adem\u00e1s de abastecerse de combustible de primera calidad, invitamos a nuestros clientes a explorar nuestra tienda de conveniencia. Un espacio acogedor y limpio, donde encontrar\u00e1n una amplia selecci\u00f3n de bocadillos, bebidas y productos para satisfacer sus antojos mientras contin\u00faan su viaje.<\/p>\n<p>[\/vc_column_text][vc_gallery interval=\u00bb3&#8243; images=\u00bb2248&#8243; img_size=\u00bbfull\u00bb css=\u00bb\u00bb][\/vc_column_inner][\/vc_row_inner][\/vc_column][\/vc_row]<\/p>\n<\/div>","protected":false},"excerpt":{"rendered":"<p>[vc_row full_width=\u00bbstretch_row_content_no_spaces\u00bb][vc_column][rev_slider_vc alias=\u00bbhome-2&#8243;][\/vc_column][\/vc_row][vc_row equal_height=\u00bbyes\u00bb content_placement=\u00bbtop\u00bb css_animation=\u00bbbounceInLeft\u00bb][vc_column el_class=\u00bbtop-120&#8243;][vc_row_inner equal_height=\u00bbyes\u00bb content_placement=\u00bbtop\u00bb][vc_column_inner width=\u00bb1\/2&#8243; css=\u00bb.vc_custom_1720764873613{padding-top: 300px !important;padding-bottom: 213px !important;background-position: center !important;background-repeat: no-repeat !important;background-size: cover !important;}\u00bb offset=\u00bbvc_col-md-4&#8243;][\/vc_column_inner][vc_column_inner width=\u00bb1\/2&#8243; css=\u00bb.vc_custom_1555388621593{padding-top: 0px !important;background-color: #ffffff !important;}\u00bb offset=\u00bbvc_col-md-8&#8243;][vc_column_text css=\u00bb.vc_custom_1720764770654{margin-bottom: 0px !important;background-color: #ffffff !important;}\u00bb el_class=\u00bbpadding-box-3&#8243;] Edin Ramirez Estaci\u00f3n de Servicio En nuestra estaci\u00f3n, nos enorgullece ofrecer una experiencia excepcional para cada cliente que nos visita. [&hellip;]<\/p>\n","protected":false},"author":1,"featured_media":0,"parent":0,"menu_order":0,"comment_status":"closed","ping_status":"closed","template":"","meta":{"footnotes":""},"class_list":["post-2256","page","type-page","status-publish","hentry"],"_links":{"self":[{"href":"https:\/\/edinramirez.com\/index.php\/wp-json\/wp\/v2\/pages\/2256","targetHints":{"allow":["GET"]}}],"collection":[{"href":"https:\/\/edinramirez.com\/index.php\/wp-json\/wp\/v2\/pages"}],"about":[{"href":"https:\/\/edinramirez.com\/index.php\/wp-json\/wp\/v2\/types\/page"}],"author":[{"embeddable":true,"href":"https:\/\/edinramirez.com\/index.php\/wp-json\/wp\/v2\/users\/1"}],"replies":[{"embeddable":true,"href":"https:\/\/edinramirez.com\/index.php\/wp-json\/wp\/v2\/comments?post=2256"}],"version-history":[{"count":4,"href":"https:\/\/edinramirez.com\/index.php\/wp-json\/wp\/v2\/pages\/2256\/revisions"}],"predecessor-version":[{"id":2295,"href":"https:\/\/edinramirez.com\/index.php\/wp-json\/wp\/v2\/pages\/2256\/revisions\/2295"}],"wp:attachment":[{"href":"https:\/\/edinramirez.com\/index.php\/wp-json\/wp\/v2\/media?parent=2256"}],"curies":[{"name":"wp","href":"https:\/\/api.w.org\/{rel}","templated":true}]}}