{"id":2254,"date":"2024-07-11T19:28:33","date_gmt":"2024-07-11T19:28:33","guid":{"rendered":"https:\/\/edinramirez.com\/?page_id=2254"},"modified":"2024-07-12T06:15:36","modified_gmt":"2024-07-12T06:15:36","slug":"tranportes_kevy","status":"publish","type":"page","link":"https:\/\/edinramirez.com\/index.php\/tranportes_kevy\/","title":{"rendered":"Transportes Kevy"},"content":{"rendered":"<div class=\"wpb-content-wrapper\"><p>[vc_row full_width=\u00bbstretch_row_content_no_spaces\u00bb][vc_column][rev_slider_vc alias=\u00bbhome-2&#8243;][\/vc_column][\/vc_row][vc_row equal_height=\u00bbyes\u00bb content_placement=\u00bbtop\u00bb css_animation=\u00bbbounceInLeft\u00bb][vc_column el_class=\u00bbtop-120&#8243;][vc_row_inner equal_height=\u00bbyes\u00bb content_placement=\u00bbtop\u00bb][vc_column_inner width=\u00bb1\/2&#8243; css=\u00bb.vc_custom_1719490980195{padding-top: 300px !important;padding-bottom: 213px !important;background-image: url(https:\/\/edinramirez.com\/wp-content\/uploads\/2019\/03\/step3.jpg?id=1175) !important;background-position: center !important;background-repeat: no-repeat !important;background-size: cover !important;}\u00bb offset=\u00bbvc_col-md-4&#8243;][\/vc_column_inner][vc_column_inner width=\u00bb1\/2&#8243; css=\u00bb.vc_custom_1555388621593{padding-top: 0px !important;background-color: #ffffff !important;}\u00bb offset=\u00bbvc_col-md-8&#8243;][vc_column_text css=\u00bb.vc_custom_1719494551131{margin-bottom: 0px !important;background-color: #ffffff !important;}\u00bb el_class=\u00bbpadding-box-3&#8243;]<\/p>\n<div class=\"section-head \">\n<h6>Edin Ramirez<\/h6>\n<h2 class=\"section-title\">Transportes Kevy<\/h2>\n<\/div>\n<div class=\"gaps\"><\/div>\n<p style=\"text-align: justify;\">Prestamos servicios de transporte de carga refrigerada y Seca a nivel nacional con destino a las fronteras mar\u00edtimas del pa\u00eds e internacional hacia los pa\u00edses de El Salvador y Honduras, as\u00ed mismo el traslado de Personal de oficina, campo y planta a las Empresas meloneras de la regi\u00f3n, contando con la implementaci\u00f3n del departamento de monitoreo constante y control satelital (GPS) de todas las unidades, con el cual podemos medir en tiempo real, el desarrollo de los movimientos y controlar el desempe\u00f1o de los pilotos. As\u00ed mismo contamos con autorizaci\u00f3n por la Direcci\u00f3n General de Protecci\u00f3n y Seguridad Vial (PROVIAL) para la regulaci\u00f3n de Velocidad y peso de los veh\u00edculos.&lt;\/p&gt;<\/p>\n<p>[\/vc_column_text][vc_gallery interval=\u00bb3&#8243; images=\u00bb2189,2190,2191,2192,2193,2194,2195&#8243; img_size=\u00bbfull\u00bb css=\u00bb\u00bb][\/vc_column_inner][\/vc_row_inner][\/vc_column][\/vc_row]<\/p>\n<\/div>","protected":false},"excerpt":{"rendered":"<p>[vc_row full_width=\u00bbstretch_row_content_no_spaces\u00bb][vc_column][rev_slider_vc alias=\u00bbhome-2&#8243;][\/vc_column][\/vc_row][vc_row equal_height=\u00bbyes\u00bb content_placement=\u00bbtop\u00bb css_animation=\u00bbbounceInLeft\u00bb][vc_column el_class=\u00bbtop-120&#8243;][vc_row_inner equal_height=\u00bbyes\u00bb content_placement=\u00bbtop\u00bb][vc_column_inner width=\u00bb1\/2&#8243; css=\u00bb.vc_custom_1719490980195{padding-top: 300px !important;padding-bottom: 213px !important;background-image: url(https:\/\/edinramirez.com\/wp-content\/uploads\/2019\/03\/step3.jpg?id=1175) !important;background-position: center !important;background-repeat: no-repeat !important;background-size: cover !important;}\u00bb offset=\u00bbvc_col-md-4&#8243;][\/vc_column_inner][vc_column_inner width=\u00bb1\/2&#8243; css=\u00bb.vc_custom_1555388621593{padding-top: 0px !important;background-color: #ffffff !important;}\u00bb offset=\u00bbvc_col-md-8&#8243;][vc_column_text css=\u00bb.vc_custom_1719494551131{margin-bottom: 0px !important;background-color: #ffffff !important;}\u00bb el_class=\u00bbpadding-box-3&#8243;] Edin Ramirez Transportes Kevy Prestamos servicios de transporte de carga refrigerada y Seca a nivel nacional con destino [&hellip;]<\/p>\n","protected":false},"author":1,"featured_media":0,"parent":0,"menu_order":0,"comment_status":"closed","ping_status":"closed","template":"","meta":{"footnotes":""},"class_list":["post-2254","page","type-page","status-publish","hentry"],"_links":{"self":[{"href":"https:\/\/edinramirez.com\/index.php\/wp-json\/wp\/v2\/pages\/2254","targetHints":{"allow":["GET"]}}],"collection":[{"href":"https:\/\/edinramirez.com\/index.php\/wp-json\/wp\/v2\/pages"}],"about":[{"href":"https:\/\/edinramirez.com\/index.php\/wp-json\/wp\/v2\/types\/page"}],"author":[{"embeddable":true,"href":"https:\/\/edinramirez.com\/index.php\/wp-json\/wp\/v2\/users\/1"}],"replies":[{"embeddable":true,"href":"https:\/\/edinramirez.com\/index.php\/wp-json\/wp\/v2\/comments?post=2254"}],"version-history":[{"count":2,"href":"https:\/\/edinramirez.com\/index.php\/wp-json\/wp\/v2\/pages\/2254\/revisions"}],"predecessor-version":[{"id":2296,"href":"https:\/\/edinramirez.com\/index.php\/wp-json\/wp\/v2\/pages\/2254\/revisions\/2296"}],"wp:attachment":[{"href":"https:\/\/edinramirez.com\/index.php\/wp-json\/wp\/v2\/media?parent=2254"}],"curies":[{"name":"wp","href":"https:\/\/api.w.org\/{rel}","templated":true}]}}