{"id":1916,"date":"2019-04-18T07:12:05","date_gmt":"2019-04-18T07:12:05","guid":{"rendered":"http:\/\/wpdemo.archiwp.com\/consultax\/?page_id=1916"},"modified":"2024-05-31T04:27:18","modified_gmt":"2024-05-31T04:27:18","slug":"home-3","status":"publish","type":"page","link":"https:\/\/edinramirez.com\/","title":{"rendered":"Inicio"},"content":{"rendered":"<div class=\"wpb-content-wrapper\"><p>[vc_row][vc_column][rev_slider_vc alias=\u00bbhome-2&#8243;][\/vc_column][\/vc_row][vc_row el_class=\u00bbbg-second\u00bb css=\u00bb.vc_custom_1555470524461{padding-top: 28px !important;padding-bottom: 28px !important;}\u00bb][vc_column offset=\u00bbvc_col-md-9&#8243;][vc_column_text css=\u00bb.vc_custom_1717129621171{margin-bottom: 0px !important;padding-top: 5px !important;}\u00bb el_class=\u00bbtext-light\u00bb]<\/p>\n<h3>Lic Edin Ramirez <span class=\"lighter\">Trabajando desde oriente para toda Guatemala<\/span><\/h3>\n<p>[\/vc_column_text][vc_empty_space height=\u00bb20px\u00bb el_class=\u00bblg-hidden\u00bb][\/vc_column][vc_column offset=\u00bbvc_col-md-3&#8243;]\n    <div class=\"text-right mobile-left\">\n        <a  class=\"btn   \" href=\"#\" style=\"\">Cont\u00e1ctanos<\/a>\n    <\/div>\n\n    [\/vc_column][\/vc_row][vc_row equal_height=\u00bbyes\u00bb content_placement=\u00bbmiddle\u00bb el_class=\u00bbsection-padd-bot\u00bb css=\u00bb.vc_custom_1555473632131{background-color: #ffffff !important;}\u00bb][vc_column offset=\u00bbvc_col-lg-5 vc_col-md-6&#8243;][vc_empty_space height=\u00bb50&#8243;]\n    <div class=\"section-head \">\n                    <h6><span>Edin Ramirez<\/span><\/h6>\n                <h2 class=\"section-title\">Historia<\/h2>\n            <\/div>\n\n[vc_column_text css=\u00bb.vc_custom_1716782207489{padding-bottom: 85px !important;}\u00bb]<\/p>\n<p style=\"text-align: justify;\">Naci\u00f3 en el municipio de Estanzuela del departamento de Zacapa, el 05 de agosto del a\u00f1o 1972. Edin Estuardo Ram\u00edrez Ram\u00edrez, Licenciado en Inform\u00e1tica y Administraci\u00f3n de Negocios, Magister en Recursos Humanos.<br \/>\nUn exitoso empresario guatemalteco que ha destacado dentro del pa\u00eds desde hace muchos a\u00f1os, comenzando su vida laboral administrando una empresa melonera, para luego poder emprender un sue\u00f1o, comenzando su empresa de transportes con una flota de \u201cTuc Tuc\u201d, al poco tiempo, se le a\u00f1adi\u00f3 una flota de buses para transportar personal. Siendo una persona visionaria y detectando las oportunidades y necesidades del \u00e1rea, adquiri\u00f3 transporte pesado, para convertirse en lo que hoy se conoce como \u201cTransportes Kevy\u201d, S.A. Reconocida por brindar un servicio con calidad y eficiencia.[\/vc_column_text][vc_column_text css=\u00bb.vc_custom_1716782471873{margin-bottom: 0px !important;padding-left: 30px !important;}\u00bb el_class=\u00bbinfo-box sign-box\u00bb]<\/p>\n<div class=\"sign\">\n<h5>Edin Ramirez<\/h5>\n<p>Empresario<\/p><\/div>\n<p>[\/vc_column_text][\/vc_column][vc_column offset=\u00bbvc_col-lg-offset-1 vc_col-lg-6 vc_col-md-offset-0 vc_col-md-6 vc_col-sm-offset-0&#8243;][vc_empty_space height=\u00bb50&#8243;][vc_empty_space height=\u00bb40px\u00bb el_class=\u00bblg-hidden\u00bb][vc_single_image image=\u00bb2089&#8243; img_size=\u00bbfull\u00bb alignment=\u00bbcenter\u00bb css=\u00bb.vc_custom_1717127571990{margin-bottom: 0px !important;}\u00bb el_class=\u00bbradius\u00bb][\/vc_column][\/vc_row][vc_row el_class=\u00bbsection-padd\u00bb css=\u00bb.vc_custom_1555571851249{background-image: url(https:\/\/edinramirez.com\/wp-content\/uploads\/2019\/04\/bg-home3.jpg?id=1922) !important;background-position: center !important;background-repeat: no-repeat !important;background-size: cover !important;}\u00bb][vc_column offset=\u00bbvc_col-md-9&#8243;]\n    <div class=\"section-head  text-light\">\n                    <h6><span>EDIN RAMIREZ<\/span><\/h6>\n                <h2 class=\"section-title\">Aptitudes Empresariales<\/h2>\n            <\/div>\n\n[\/vc_column][vc_column offset=\u00bbvc_col-md-3&#8243;][vc_empty_space height=\u00bb25px\u00bb el_class=\u00bbmd-hidden sm-hidden\u00bb][\/vc_column][vc_column][vc_empty_space height=\u00bb30px\u00bb][vc_row_inner][vc_column_inner width=\u00bb1\/2&#8243; offset=\u00bbvc_col-md-4&#8243; css=\u00bb.vc_custom_1555486233143{padding-right: 1px !important;padding-left: 0px !important;}\u00bb]\n    <a href=\"http:\/\/wpdemo.archiwp.com\/consultax\/services\/financial-projections\/\">    <div class=\"service-box icon-box  image transparent hover-box\">\n                        <img loading=\"lazy\" decoding=\"async\" width=\"50\" height=\"51\" src=\"https:\/\/edinramirez.com\/wp-content\/uploads\/2019\/04\/icon-data.png\" class=\"img-responsive\" alt=\"\" \/>        <div class=\"content-box\">\n            <h4>Habilidades comunicativas<\/h4>\n            <p>siendo una persona capaz de escuchar, observar y comprender las ideas con eficacia.<\/p>\n                    <\/div>\n    <\/div>\n    <\/a>\n    [vc_empty_space height=\u00bb1px\u00bb][\/vc_column_inner][vc_column_inner width=\u00bb1\/2&#8243; offset=\u00bbvc_col-md-4&#8243; css=\u00bb.vc_custom_1555487903528{padding-right: 1px !important;padding-left: 0px !important;}\u00bb]\n    <a href=\"http:\/\/wpdemo.archiwp.com\/consultax\/services\/audit-assurance\/\">    <div class=\"service-box icon-box  image transparent hover-box\">\n                        <img loading=\"lazy\" decoding=\"async\" width=\"50\" height=\"50\" src=\"https:\/\/edinramirez.com\/wp-content\/uploads\/2019\/04\/icon-write.png\" class=\"img-responsive\" alt=\"\" \/>        <div class=\"content-box\">\n            <h4>Trabajo en equipo<\/h4>\n            <p>Siempre busca la manera de mantener a su equipo unido, aline\u00e1ndolos a una misma visi\u00f3n.<\/p>\n                    <\/div>\n    <\/div>\n    <\/a>\n    [vc_empty_space height=\u00bb1px\u00bb][\/vc_column_inner][vc_column_inner width=\u00bb1\/2&#8243; offset=\u00bbvc_col-md-4&#8243; css=\u00bb.vc_custom_1555487960055{padding-right: 1px !important;padding-left: 0px !important;}\u00bb]\n    <a href=\"http:\/\/wpdemo.archiwp.com\/consultax\/services\/taxes-and-efficiency\/\">    <div class=\"service-box icon-box  image transparent hover-box\">\n                        <img loading=\"lazy\" decoding=\"async\" width=\"52\" height=\"51\" src=\"https:\/\/edinramirez.com\/wp-content\/uploads\/2019\/04\/icon-taxes.png\" class=\"img-responsive\" alt=\"\" \/>        <div class=\"content-box\">\n            <h4>Disciplina<\/h4>\n            <p>transmiti\u00e9ndola a sus colaboradores para llevar un plan de mejora continua.<\/p>\n                    <\/div>\n    <\/div>\n    <\/a>\n    [vc_empty_space height=\u00bb1px\u00bb][\/vc_column_inner][vc_column_inner width=\u00bb1\/2&#8243; offset=\u00bbvc_col-md-4&#8243; css=\u00bb.vc_custom_1555486403937{padding-right: 1px !important;padding-left: 0px !important;}\u00bb]\n    <a href=\"http:\/\/wpdemo.archiwp.com\/consultax\/services\/strategic-planning\/\">    <div class=\"service-box icon-box  image transparent hover-box\">\n                        <img loading=\"lazy\" decoding=\"async\" width=\"55\" height=\"50\" src=\"https:\/\/edinramirez.com\/wp-content\/uploads\/2019\/04\/icon-calendar.png\" class=\"img-responsive\" alt=\"\" \/>        <div class=\"content-box\">\n            <h4>Actitud positiva<\/h4>\n            <p>teniendo la capacidad de influir en sus colaboradores, con entusiasmo, flexibilidad y motivaci\u00f3n.<\/p>\n                    <\/div>\n    <\/div>\n    <\/a>\n    [vc_empty_space height=\u00bb1px\u00bb el_class=\u00bblg-hidden\u00bb][\/vc_column_inner][vc_column_inner width=\u00bb1\/2&#8243; offset=\u00bbvc_col-md-4&#8243; css=\u00bb.vc_custom_1555488243448{padding-right: 1px !important;padding-left: 0px !important;}\u00bb]\n    <a href=\"http:\/\/wpdemo.archiwp.com\/consultax\/services\/bonds-commodities\/\">    <div class=\"service-box icon-box  image transparent hover-box\">\n                        <img loading=\"lazy\" decoding=\"async\" width=\"40\" height=\"50\" src=\"https:\/\/edinramirez.com\/wp-content\/uploads\/2019\/04\/icon-dollar.png\" class=\"img-responsive\" alt=\"\" \/>        <div class=\"content-box\">\n            <h4>Potencial de crecimiento<\/h4>\n            <p>implementando estrategias, optimizando procesos y mejorando la comunicaci\u00f3n organizacional para alcanzar el \u00e9xito.<\/p>\n                    <\/div>\n    <\/div>\n    <\/a>\n    [vc_empty_space height=\u00bb1px\u00bb el_class=\u00bblg-hidden\u00bb][\/vc_column_inner][vc_column_inner width=\u00bb1\/2&#8243; offset=\u00bbvc_col-md-4&#8243; css=\u00bb.vc_custom_1555488313423{padding-right: 1px !important;padding-left: 0px !important;}\u00bb]\n    <a href=\"http:\/\/wpdemo.archiwp.com\/consultax\/services\/trades-stocks\/\">    <div class=\"service-box icon-box  image transparent hover-box\">\n                        <img loading=\"lazy\" decoding=\"async\" width=\"37\" height=\"51\" src=\"https:\/\/edinramirez.com\/wp-content\/uploads\/2019\/04\/icon-stock.png\" class=\"img-responsive\" alt=\"\" \/>        <div class=\"content-box\">\n            <h4>Confianza en s\u00ed mismo.<\/h4>\n            <p>Estando seguro de sus capacidades y conocimientos para transmitirlo a quienes lo rodean.<\/p>\n                    <\/div>\n    <\/div>\n    <\/a>\n    [\/vc_column_inner][\/vc_row_inner][\/vc_column][\/vc_row][vc_row el_class=\u00bbsection-padd bg-second\u00bb css=\u00bb.vc_custom_1554172062065{background-image: url(https:\/\/edinramirez.com\/wp-content\/uploads\/2019\/04\/bg-home1-2.jpg?id=1623) !important;background-position: center !important;background-repeat: no-repeat !important;background-size: cover !important;}\u00bb][vc_column width=\u00bb1\/2&#8243;][vc_custom_heading text=\u00bbDeseas dejar un mensaje<br \/>\nal Lic Ramirez\u00bb font_container=\u00bbtag:h2|text_align:left|color:%23ffffff\u00bb use_theme_fonts=\u00bbyes\u00bb css=\u00bb.vc_custom_1717128373598{margin-bottom: 15px !important;}\u00bb][vc_column_text css=\u00bb\u00bb el_class=\u00bbtext-light\u00bb]Ser\u00e1 un gusto saber de ti.[\/vc_column_text][\/vc_column][vc_column width=\u00bb1\/2&#8243;]\n<div class=\"wpcf7 no-js\" id=\"wpcf7-f1626-o1\" lang=\"en-US\" dir=\"ltr\">\n<div class=\"screen-reader-response\"><p role=\"status\" aria-live=\"polite\" aria-atomic=\"true\"><\/p> <ul><\/ul><\/div>\n<form action=\"\/index.php\/wp-json\/wp\/v2\/pages\/1916#wpcf7-f1626-o1\" method=\"post\" class=\"wpcf7-form init\" aria-label=\"Contact form\" novalidate=\"novalidate\" data-status=\"init\">\n<div style=\"display: none;\">\n<input type=\"hidden\" name=\"_wpcf7\" value=\"1626\" \/>\n<input type=\"hidden\" name=\"_wpcf7_version\" value=\"5.9.5\" \/>\n<input type=\"hidden\" name=\"_wpcf7_locale\" value=\"en_US\" \/>\n<input type=\"hidden\" name=\"_wpcf7_unit_tag\" value=\"wpcf7-f1626-o1\" \/>\n<input type=\"hidden\" name=\"_wpcf7_container_post\" value=\"0\" \/>\n<input type=\"hidden\" name=\"_wpcf7_posted_data_hash\" value=\"\" \/>\n<\/div>\n<div class=\"row\">\n\t<div class=\"col-md-6\">\n\t\t<p><span class=\"wpcf7-form-control-wrap\" data-name=\"your-name\"><input size=\"40\" class=\"wpcf7-form-control wpcf7-text wpcf7-validates-as-required\" aria-required=\"true\" aria-invalid=\"false\" placeholder=\"Nombre\" value=\"\" type=\"text\" name=\"your-name\" \/><\/span>\n\t\t<\/p>\n\t<\/div>\n\t<div class=\"col-md-6\">\n\t\t<p><span class=\"wpcf7-form-control-wrap\" data-name=\"your-service\"><select class=\"wpcf7-form-control wpcf7-select\" aria-invalid=\"false\" name=\"your-service\"><option value=\"Solicitud\">Solicitud<\/option><option value=\"Contacto\">Contacto<\/option><option value=\"Entrevista\">Entrevista<\/option><\/select><\/span>\n\t\t<\/p>\n\t<\/div>\n<\/div>\n<div class=\"row\">\n\t<div class=\"col-md-6\">\n\t\t<p><span class=\"wpcf7-form-control-wrap\" data-name=\"your-email\"><input size=\"40\" class=\"wpcf7-form-control wpcf7-email wpcf7-validates-as-required wpcf7-text wpcf7-validates-as-email\" aria-required=\"true\" aria-invalid=\"false\" placeholder=\"Email\" value=\"\" type=\"email\" name=\"your-email\" \/><\/span>\n\t\t<\/p>\n\t<\/div>\n\t<div class=\"col-md-6\">\n\t\t<p><span class=\"wpcf7-form-control-wrap\" data-name=\"your-phone\"><input size=\"40\" class=\"wpcf7-form-control wpcf7-tel wpcf7-validates-as-required wpcf7-text wpcf7-validates-as-tel\" aria-required=\"true\" aria-invalid=\"false\" placeholder=\"No. De Tel\u00e9fono\" value=\"\" type=\"tel\" name=\"your-phone\" \/><\/span>\n\t\t<\/p>\n\t<\/div>\n<\/div>\n<p><input class=\"wpcf7-form-control wpcf7-submit has-spinner btn\" type=\"submit\" value=\"ENVIAR\" \/>\n<\/p><p style=\"display: none !important;\" class=\"akismet-fields-container\" data-prefix=\"_wpcf7_ak_\"><label>&#916;<textarea name=\"_wpcf7_ak_hp_textarea\" cols=\"45\" rows=\"8\" maxlength=\"100\"><\/textarea><\/label><input type=\"hidden\" id=\"ak_js_1\" name=\"_wpcf7_ak_js\" value=\"239\"\/><script>document.getElementById( \"ak_js_1\" ).setAttribute( \"value\", ( new Date() ).getTime() );<\/script><\/p><div class=\"wpcf7-response-output\" aria-hidden=\"true\"><\/div>\n<\/form>\n<\/div>\n[\/vc_column][\/vc_row]<\/p>\n<\/div>","protected":false},"excerpt":{"rendered":"<p>[vc_row][vc_column][rev_slider_vc alias=\u00bbhome-2&#8243;][\/vc_column][\/vc_row][vc_row el_class=\u00bbbg-second\u00bb css=\u00bb.vc_custom_1555470524461{padding-top: 28px !important;padding-bottom: 28px !important;}\u00bb][vc_column offset=\u00bbvc_col-md-9&#8243;][vc_column_text css=\u00bb.vc_custom_1717129621171{margin-bottom: 0px !important;padding-top: 5px !important;}\u00bb el_class=\u00bbtext-light\u00bb] Lic Edin Ramirez Trabajando desde oriente para toda Guatemala [\/vc_column_text][vc_empty_space height=\u00bb20px\u00bb el_class=\u00bblg-hidden\u00bb][\/vc_column][vc_column offset=\u00bbvc_col-md-3&#8243;][\/vc_column][\/vc_row][vc_row equal_height=\u00bbyes\u00bb content_placement=\u00bbmiddle\u00bb el_class=\u00bbsection-padd-bot\u00bb css=\u00bb.vc_custom_1555473632131{background-color: #ffffff !important;}\u00bb][vc_column offset=\u00bbvc_col-lg-5 vc_col-md-6&#8243;][vc_empty_space height=\u00bb50&#8243;][vc_column_text css=\u00bb.vc_custom_1716782207489{padding-bottom: 85px !important;}\u00bb] Naci\u00f3 en el municipio de Estanzuela del departamento de Zacapa, el 05 de agosto del [&hellip;]<\/p>\n","protected":false},"author":1,"featured_media":0,"parent":0,"menu_order":0,"comment_status":"closed","ping_status":"closed","template":"","meta":{"footnotes":""},"class_list":["post-1916","page","type-page","status-publish","hentry"],"_links":{"self":[{"href":"https:\/\/edinramirez.com\/index.php\/wp-json\/wp\/v2\/pages\/1916","targetHints":{"allow":["GET"]}}],"collection":[{"href":"https:\/\/edinramirez.com\/index.php\/wp-json\/wp\/v2\/pages"}],"about":[{"href":"https:\/\/edinramirez.com\/index.php\/wp-json\/wp\/v2\/types\/page"}],"author":[{"embeddable":true,"href":"https:\/\/edinramirez.com\/index.php\/wp-json\/wp\/v2\/users\/1"}],"replies":[{"embeddable":true,"href":"https:\/\/edinramirez.com\/index.php\/wp-json\/wp\/v2\/comments?post=1916"}],"version-history":[{"count":9,"href":"https:\/\/edinramirez.com\/index.php\/wp-json\/wp\/v2\/pages\/1916\/revisions"}],"predecessor-version":[{"id":2096,"href":"https:\/\/edinramirez.com\/index.php\/wp-json\/wp\/v2\/pages\/1916\/revisions\/2096"}],"wp:attachment":[{"href":"https:\/\/edinramirez.com\/index.php\/wp-json\/wp\/v2\/media?parent=1916"}],"curies":[{"name":"wp","href":"https:\/\/api.w.org\/{rel}","templated":true}]}}