{"id":1152,"date":"2019-03-20T10:01:09","date_gmt":"2019-03-20T10:01:09","guid":{"rendered":"http:\/\/localhost\/consultax\/?page_id=1152"},"modified":"2024-06-08T15:50:59","modified_gmt":"2024-06-08T15:50:59","slug":"empresario","status":"publish","type":"page","link":"https:\/\/edinramirez.com\/index.php\/empresario\/","title":{"rendered":"Empresario"},"content":{"rendered":"<div class=\"wpb-content-wrapper\"><p>[vc_row][vc_column]\n    <div class=\"section-head \">\n                    <h6><span>EDIN RAMIREZ<\/span><\/h6>\n                <h2 class=\"section-title\">Frases Celebres<\/h2>\n            <\/div>\n\n[\/vc_column][\/vc_row][vc_row css=\u00bb.vc_custom_1553076901496{padding-top: 130px !important;padding-bottom: 130px !important;background-image: url(http:\/\/wpdemo.archiwp.com\/consultax\/wp-content\/uploads\/sites\/2\/2019\/03\/bg-how.jpg?id=1157) !important;background-position: center !important;background-repeat: no-repeat !important;background-size: cover !important;}\u00bb el_class=\u00bbradius-top\u00bb][vc_column width=\u00bb1\/4&#8243;][\/vc_column][vc_column width=\u00bb1\/2&#8243;][vc_column_text css=\u00bb.vc_custom_1717556778818{margin-bottom: 0px !important;}\u00bb el_class=\u00bbtext-light\u00bb]<\/p>\n<h5 class=\"normal\" style=\"line-height: 24px;\"><em>\u201cLa mejor manera de emprender un negocio, es dejar de hablar y ponerse a trabajar\u201d <\/em> <span class=\"text-primary bolder\"> &#8211; Edin Ramirez<\/span><\/h5>\n<h5 class=\"normal\" style=\"line-height: 24px;\"><em>\u201cEl empleado cree que es el empresario due\u00f1o del negocio quien paga el salario de cada uno, en realidad son los clientes los que pagan al empresario y el empresario gestiona el salario para sus empleados\u201d <\/em> <span class=\"text-primary bolder\"> &#8211; Edin Ramirez<\/span><\/h5>\n<h5 class=\"normal\" style=\"line-height: 24px;\"><em>\u201cEl \u00e9xito depende de la visi\u00f3n de quien emprende, de no dejar ideas en el aire y de ejecutar metas realistas\u201d <\/em> <span class=\"text-primary bolder\"> &#8211; Edin Ramirez<\/span><\/h5>\n<p>[\/vc_column_text][\/vc_column][vc_column width=\u00bb1\/4&#8243;][\/vc_column][\/vc_row][vc_row el_class=\u00bbsection-padd\u00bb][vc_column]\n    <div class=\"section-head \">\n                    <h6><span>EDIN RAMIREZ<\/span><\/h6>\n                <h2 class=\"section-title\">M\u00e1s sobre Edin Ramirez<\/h2>\n            <\/div>\n\n[vc_column_text css=\u00bb\u00bb]Empresario activo en la C\u00e1mara de Comercio y en la C\u00e1mara de la Industria. Guatemala.[\/vc_column_text][vc_row_inner equal_height=\u00bbyes\u00bb content_placement=\u00bbmiddle\u00bb][vc_column_inner width=\u00bb1\/2&#8243; css=\u00bb.vc_custom_1553162476991{padding-top: 30px !important;padding-right: 30px !important;padding-bottom: 30px !important;padding-left: 30px !important;background-color: #f9f5f0 !important;}\u00bb][vc_column_text css=\u00bb.vc_custom_1717422533756{margin-bottom: 0px !important;}\u00bb]<\/p>\n<h4><span style=\"color: #333399;\">Logros<\/span><\/h4>\n<ul>\n<li style=\"text-align: justify;\">Fundador de Autoservicios Kevy.<\/li>\n<li style=\"text-align: justify;\">Fundador de Transportes Kevy. S.A.<\/li>\n<li style=\"text-align: justify;\">Poseedor del mayor porcentaje de ganado en el municipio de Estanzuela, Zacapa.<\/li>\n<li style=\"text-align: justify;\">Propietario de Estaci\u00f3n de Servicio San Cayetano (Gasolinera Puma Estanzuela).<\/li>\n<li style=\"text-align: justify;\">Propietario de Tienda de Conveniencia San Cayetano (Super 7 Estanzuela).<\/li>\n<li style=\"text-align: justify;\">Arrendador de bienes inmuebles.<\/li>\n<\/ul>\n<p>[\/vc_column_text][\/vc_column_inner][vc_column_inner width=\u00bb1\/2&#8243; css=\u00bb.vc_custom_1717422548224{padding-top: 100px !important;padding-bottom: 135px !important;background-image: url(https:\/\/edinramirez.com\/wp-content\/uploads\/2024\/06\/2.jpg?id=2129) !important;background-position: center !important;background-repeat: no-repeat !important;background-size: cover !important;}\u00bb][\/vc_column_inner][vc_column_inner][vc_empty_space el_class=\u00bblg-hidden md-hidden\u00bb][\/vc_column_inner][\/vc_row_inner][vc_row_inner equal_height=\u00bbyes\u00bb content_placement=\u00bbmiddle\u00bb][vc_column_inner width=\u00bb1\/2&#8243; css=\u00bb.vc_custom_1717423426213{padding-top: 100px !important;padding-bottom: 135px !important;background-image: url(https:\/\/edinramirez.com\/wp-content\/uploads\/2024\/06\/9.jpg?id=2135) !important;background-position: center !important;background-repeat: no-repeat !important;background-size: cover !important;}\u00bb][\/vc_column_inner][vc_column_inner width=\u00bb1\/2&#8243; css=\u00bb.vc_custom_1553162476991{padding-top: 30px !important;padding-right: 30px !important;padding-bottom: 30px !important;padding-left: 30px !important;background-color: #f9f5f0 !important;}\u00bb][vc_column_text css=\u00bb.vc_custom_1717422809014{margin-bottom: 0px !important;}\u00bb]<\/p>\n<h4><span style=\"color: #f26522;\">Ideolog\u00eda<\/span><\/h4>\n<p>Su ideolog\u00eda se basa en la convicci\u00f3n de que la sabidur\u00eda se la ha brindado Dios para la administraci\u00f3n exitosa de sus negocios. Desde su perspectiva, esta sabidur\u00eda le brinda una combinaci\u00f3n de experiencia, aprendizaje continuo y una comprensi\u00f3n profunda de los contextos en los que opera. Ram\u00edrez atribuye gran parte de esta sabidur\u00eda al desarrollo de<br \/>\nsus habilidades de liderazgo y toma de decisiones, as\u00ed como a la capacidad para adaptarse r\u00e1pidamente a los cambios del mercado.<br \/>\nPara \u00e9l, el \u00e9xito empresarial no solo se logra mediante la implementaci\u00f3n de estrategias s\u00f3lidas, sino tambi\u00e9n a trav\u00e9s de una mentalidad abierta y receptiva a nuevas ideas y perspectivas.[\/vc_column_text][\/vc_column_inner][vc_column_inner][vc_empty_space el_class=\u00bblg-hidden md-hidden\u00bb][\/vc_column_inner][\/vc_row_inner][vc_row_inner equal_height=\u00bbyes\u00bb content_placement=\u00bbmiddle\u00bb][vc_column_inner width=\u00bb1\/2&#8243; css=\u00bb.vc_custom_1553162476991{padding-top: 30px !important;padding-right: 30px !important;padding-bottom: 30px !important;padding-left: 30px !important;background-color: #f9f5f0 !important;}\u00bb][vc_column_text css=\u00bb.vc_custom_1717422851851{margin-bottom: 0px !important;}\u00bb]<\/p>\n<h4><span style=\"color: #00387a;\">Valores<\/span><\/h4>\n<p style=\"text-align: justify;\">El Lic. Edin Ram\u00edrez es un empresario destacado que ha demostrado a lo largo de su carrera un firme compromiso con una serie de valores fundamentales que gu\u00edan su actuaci\u00f3n tanto en el \u00e1mbito profesional como personal. Entre estos valores se encuentran el respeto, que asegura un trato digno y considerado hacia todas las personas; la resiliencia, que le permite superar adversidades con fortaleza y adaptabilidad; y la determinaci\u00f3n, que impulsa su dedicaci\u00f3n constante para alcanzar metas ambiciosas. Adem\u00e1s, su enfoque en la innovaci\u00f3n lo posiciona a la vanguardia de su sector, mientras que su honestidad y \u00e9tica consolidan su reputaci\u00f3n de integridad. La empat\u00eda que muestra hacia sus colaboradores, clientes, proveedores y acreedores fomenta un entorno de confianza y colaboraci\u00f3n, y su perseverancia garantiza que enfrenta y supera cualquier desaf\u00edo que se presente. Estos principios no solo definen su \u00e9xito profesional, sino que tambi\u00e9n lo convierten en un modelo de liderazgo ejemplar.<\/p>\n<p>[\/vc_column_text][\/vc_column_inner][vc_column_inner width=\u00bb1\/2&#8243; css=\u00bb.vc_custom_1717423320450{padding-top: 100px !important;padding-bottom: 135px !important;background-image: url(https:\/\/edinramirez.com\/wp-content\/uploads\/2024\/06\/Valores_EdinRamirez.jpg?id=2133) !important;background-position: center !important;background-repeat: no-repeat !important;background-size: cover !important;}\u00bb][\/vc_column_inner][\/vc_row_inner][\/vc_column][\/vc_row][vc_row disable_element=\u00bbyes\u00bb el_class=\u00bbsection-padd\u00bb][vc_column]\n    <div class=\"section-head \">\n                    <h6><span>How It Work<\/span><\/h6>\n                <h2 class=\"section-title\">How we work with clients<\/h2>\n            <\/div>\n\n[vc_column_text]Montes orci eget enim ad metus et convallis ultricies habitant aliquet curae tellus facilisis lobortis, imperdiet sociis sodales mollis suscipit neque quam sed felis porttitor lectus nascetur.[\/vc_column_text][vc_row_inner equal_height=\u00bbyes\u00bb content_placement=\u00bbmiddle\u00bb][vc_column_inner width=\u00bb1\/2&#8243; css=\u00bb.vc_custom_1553162476991{padding-top: 30px !important;padding-right: 30px !important;padding-bottom: 30px !important;padding-left: 30px !important;background-color: #f9f5f0 !important;}\u00bb][vc_column_text css=\u00bb.vc_custom_1553162841881{margin-bottom: 0px !important;}\u00bb]<\/p>\n<h4><span style=\"color: #00a651;\">Step 1:<\/span><br \/>\n<span style=\"color: #00a651;\">Receive and Evaluate<\/span><\/h4>\n<p>Nascetur in eros enim eleifend inceptos tempus proin viverra pharetra lobortis ridiculus mauris, placer dictum feugiat aptent risu vestibulum netus orci sociosqu.[\/vc_column_text][\/vc_column_inner][vc_column_inner width=\u00bb1\/2&#8243; css=\u00bb.vc_custom_1553162493969{padding-top: 100px !important;padding-bottom: 135px !important;background-image: url(http:\/\/wpdemo.archiwp.com\/consultax\/wp-content\/uploads\/sites\/2\/2019\/03\/step1.jpg?id=1173) !important;background-position: center !important;background-repeat: no-repeat !important;background-size: cover !important;}\u00bb][\/vc_column_inner][vc_column_inner][vc_empty_space el_class=\u00bblg-hidden md-hidden\u00bb][\/vc_column_inner][\/vc_row_inner][vc_row_inner equal_height=\u00bbyes\u00bb content_placement=\u00bbmiddle\u00bb][vc_column_inner width=\u00bb1\/2&#8243; css=\u00bb.vc_custom_1553163103317{padding-top: 100px !important;padding-bottom: 135px !important;background-image: url(http:\/\/wpdemo.archiwp.com\/consultax\/wp-content\/uploads\/sites\/2\/2019\/03\/step2.jpg?id=1174) !important;background-position: center !important;background-repeat: no-repeat !important;background-size: cover !important;}\u00bb][\/vc_column_inner][vc_column_inner width=\u00bb1\/2&#8243; css=\u00bb.vc_custom_1553162476991{padding-top: 30px !important;padding-right: 30px !important;padding-bottom: 30px !important;padding-left: 30px !important;background-color: #f9f5f0 !important;}\u00bb][vc_column_text css=\u00bb.vc_custom_1553162920065{margin-bottom: 0px !important;}\u00bb]<\/p>\n<h4><span style=\"color: #f26522;\">Step 2:<\/span><br \/>\n<span style=\"color: #f26522;\">Analysis and Planning<\/span><\/h4>\n<p>Taciti fusce natoque non lectus sociosqu lacinia ligula, pretium litora dictum rutrum porttitor ridiculus platea, nam egestas sociis risus eros facilisis.[\/vc_column_text][\/vc_column_inner][vc_column_inner][vc_empty_space el_class=\u00bblg-hidden md-hidden\u00bb][\/vc_column_inner][\/vc_row_inner][vc_row_inner equal_height=\u00bbyes\u00bb content_placement=\u00bbmiddle\u00bb][vc_column_inner width=\u00bb1\/2&#8243; css=\u00bb.vc_custom_1553162476991{padding-top: 30px !important;padding-right: 30px !important;padding-bottom: 30px !important;padding-left: 30px !important;background-color: #f9f5f0 !important;}\u00bb][vc_column_text css=\u00bb.vc_custom_1553162997666{margin-bottom: 0px !important;}\u00bb]<\/p>\n<h4><span style=\"color: #00387a;\">Step 3:<\/span><br \/>\n<span style=\"color: #00387a;\">Make plans and Implement<\/span><\/h4>\n<p>Interdum consequat suspendisse facilisi leo pretium sollicitudin conubia aptent ad donec magnis, ut eleifen massa ultricies luctus suscipit habitasse[\/vc_column_text][\/vc_column_inner][vc_column_inner width=\u00bb1\/2&#8243; css=\u00bb.vc_custom_1553163123251{padding-top: 100px !important;padding-bottom: 135px !important;background-image: url(http:\/\/wpdemo.archiwp.com\/consultax\/wp-content\/uploads\/sites\/2\/2019\/03\/step3.jpg?id=1175) !important;background-position: center !important;background-repeat: no-repeat !important;background-size: cover !important;}\u00bb][\/vc_column_inner][\/vc_row_inner][\/vc_column][\/vc_row][vc_row equal_height=\u00bbyes\u00bb disable_element=\u00bbyes\u00bb el_class=\u00bbmobile-padd\u00bb][vc_column]\n    <div class=\"section-head \">\n                    <h6><span>featured<\/span><\/h6>\n                <h2 class=\"section-title\">Why choose us<\/h2>\n            <\/div>\n\n[vc_empty_space height=\u00bb12px\u00bb][\/vc_column][vc_column css=\u00bb.vc_custom_1553158633657{padding-right: 3px !important;}\u00bb offset=\u00bbvc_col-md-4&#8243;][vc_custom_heading text=\u00bbQuality Services\u00bb font_container=\u00bbtag:h4|font_size:18px|text_align:left\u00bb use_theme_fonts=\u00bbyes\u00bb css=\u00bb.vc_custom_1553158129397{margin-bottom: 0px !important;border-top-width: 1px !important;border-right-width: 1px !important;border-left-width: 1px !important;padding-top: 30px !important;padding-right: 30px !important;padding-left: 30px !important;border-left-color: #e3e3e3 !important;border-left-style: solid !important;border-right-color: #e3e3e3 !important;border-right-style: solid !important;border-top-color: #e3e3e3 !important;border-top-style: solid !important;}\u00bb][vc_column_text css=\u00bb.vc_custom_1553158554083{margin-bottom: 0px !important;border-right-width: 1px !important;border-bottom-width: 1px !important;border-left-width: 1px !important;padding-top: 5px !important;padding-right: 30px !important;padding-bottom: 30px !important;padding-left: 30px !important;border-left-color: #e3e3e3 !important;border-left-style: solid !important;border-right-color: #e3e3e3 !important;border-right-style: solid !important;border-bottom-color: #e3e3e3 !important;border-bottom-style: solid !important;}\u00bb]Tincidunt sociis lacinia est leo a aliquet porttitor ornare sed, aliquam netus.[\/vc_column_text][vc_empty_space height=\u00bb30px\u00bb el_class=\u00bblg-hidden\u00bb][\/vc_column][vc_column css=\u00bb.vc_custom_1553158642298{padding-right: 2px !important;padding-left: 2px !important;}\u00bb offset=\u00bbvc_col-md-4&#8243;][vc_custom_heading text=\u00bbValuable Ideas\u00bb font_container=\u00bbtag:h4|font_size:18px|text_align:left\u00bb use_theme_fonts=\u00bbyes\u00bb css=\u00bb.vc_custom_1553158383387{margin-bottom: 0px !important;border-top-width: 1px !important;border-right-width: 1px !important;border-left-width: 1px !important;padding-top: 30px !important;padding-right: 30px !important;padding-left: 30px !important;border-left-color: #e3e3e3 !important;border-left-style: solid !important;border-right-color: #e3e3e3 !important;border-right-style: solid !important;border-top-color: #e3e3e3 !important;border-top-style: solid !important;}\u00bb][vc_column_text css=\u00bb.vc_custom_1553158557870{margin-bottom: 0px !important;border-right-width: 1px !important;border-bottom-width: 1px !important;border-left-width: 1px !important;padding-top: 5px !important;padding-right: 30px !important;padding-bottom: 30px !important;padding-left: 30px !important;border-left-color: #e3e3e3 !important;border-left-style: solid !important;border-right-color: #e3e3e3 !important;border-right-style: solid !important;border-bottom-color: #e3e3e3 !important;border-bottom-style: solid !important;}\u00bb]Conubia ut aliquam cubili gravida sed morbi accumsan hac du ultrices.[\/vc_column_text][vc_empty_space height=\u00bb30px\u00bb el_class=\u00bblg-hidden\u00bb][\/vc_column][vc_column css=\u00bb.vc_custom_1553158649136{padding-left: 3px !important;}\u00bb offset=\u00bbvc_col-md-4&#8243;][vc_custom_heading text=\u00bbBudget Friendly\u00bb font_container=\u00bbtag:h4|font_size:18px|text_align:left\u00bb use_theme_fonts=\u00bbyes\u00bb css=\u00bb.vc_custom_1553158391262{margin-bottom: 0px !important;border-top-width: 1px !important;border-right-width: 1px !important;border-left-width: 1px !important;padding-top: 30px !important;padding-right: 30px !important;padding-left: 30px !important;border-left-color: #e3e3e3 !important;border-left-style: solid !important;border-right-color: #e3e3e3 !important;border-right-style: solid !important;border-top-color: #e3e3e3 !important;border-top-style: solid !important;}\u00bb][vc_column_text css=\u00bb.vc_custom_1553158561251{margin-bottom: 0px !important;border-right-width: 1px !important;border-bottom-width: 1px !important;border-left-width: 1px !important;padding-top: 5px !important;padding-right: 30px !important;padding-bottom: 30px !important;padding-left: 30px !important;border-left-color: #e3e3e3 !important;border-left-style: solid !important;border-right-color: #e3e3e3 !important;border-right-style: solid !important;border-bottom-color: #e3e3e3 !important;border-bottom-style: solid !important;}\u00bb]Tincidunt sociis lacinia est leo a aliquet porttitor ornare sed, aliquam netus.[\/vc_column_text][\/vc_column][\/vc_row][vc_row disable_element=\u00bbyes\u00bb el_class=\u00bbsection-padd\u00bb][vc_column]\n    <div class=\"section-head \">\n                    <h6><span>Support<\/span><\/h6>\n                <h2 class=\"section-title\">How can we help<\/h2>\n            <\/div>\n\n[vc_empty_space height=\u00bb12px\u00bb][\/vc_column][vc_column width=\u00bb1\/2&#8243; offset=\u00bbvc_col-md-7&#8243;]\n<div class=\"wpcf7 no-js\" id=\"wpcf7-f1128-o1\" lang=\"en-US\" dir=\"ltr\">\n<div class=\"screen-reader-response\"><p role=\"status\" aria-live=\"polite\" aria-atomic=\"true\"><\/p> <ul><\/ul><\/div>\n<form action=\"\/index.php\/wp-json\/wp\/v2\/pages\/1152#wpcf7-f1128-o1\" method=\"post\" class=\"wpcf7-form init\" aria-label=\"Contact form\" novalidate=\"novalidate\" data-status=\"init\">\n<div style=\"display: none;\">\n<input type=\"hidden\" name=\"_wpcf7\" value=\"1128\" \/>\n<input type=\"hidden\" name=\"_wpcf7_version\" value=\"5.9.5\" \/>\n<input type=\"hidden\" name=\"_wpcf7_locale\" value=\"en_US\" \/>\n<input type=\"hidden\" name=\"_wpcf7_unit_tag\" value=\"wpcf7-f1128-o1\" \/>\n<input type=\"hidden\" name=\"_wpcf7_container_post\" value=\"0\" \/>\n<input type=\"hidden\" name=\"_wpcf7_posted_data_hash\" value=\"\" \/>\n<\/div>\n<div class=\"row\">\n\t<div class=\"col-md-6\">\n\t\t<p><span class=\"wpcf7-form-control-wrap\" data-name=\"your-name\"><input size=\"40\" class=\"wpcf7-form-control wpcf7-text wpcf7-validates-as-required\" aria-required=\"true\" aria-invalid=\"false\" placeholder=\"Nombre\" value=\"\" type=\"text\" name=\"your-name\" \/><\/span>\n\t\t<\/p>\n\t<\/div>\n\t<div class=\"col-md-6\">\n\t\t<p><span class=\"wpcf7-form-control-wrap\" data-name=\"your-email\"><input size=\"40\" class=\"wpcf7-form-control wpcf7-email wpcf7-validates-as-required wpcf7-text wpcf7-validates-as-email\" aria-required=\"true\" aria-invalid=\"false\" placeholder=\"correo Electr\u00f3nico\" value=\"\" type=\"email\" name=\"your-email\" \/><\/span>\n\t\t<\/p>\n\t<\/div>\n<\/div>\n<div class=\"contact-mess\">\n\t<p><span class=\"wpcf7-form-control-wrap\" data-name=\"your-message\"><textarea cols=\"40\" rows=\"10\" class=\"wpcf7-form-control wpcf7-textarea wpcf7-validates-as-required\" aria-required=\"true\" aria-invalid=\"false\" placeholder=\"Mensaje\" name=\"your-message\"><\/textarea><\/span>\n\t<\/p>\n<\/div>\n<p><input class=\"wpcf7-form-control wpcf7-submit has-spinner btn\" type=\"submit\" value=\"ENVIAR\" \/>\n<\/p><p style=\"display: none !important;\" class=\"akismet-fields-container\" data-prefix=\"_wpcf7_ak_\"><label>&#916;<textarea name=\"_wpcf7_ak_hp_textarea\" cols=\"45\" rows=\"8\" maxlength=\"100\"><\/textarea><\/label><input type=\"hidden\" id=\"ak_js_1\" name=\"_wpcf7_ak_js\" value=\"192\"\/><script>document.getElementById( \"ak_js_1\" ).setAttribute( \"value\", ( new Date() ).getTime() );<\/script><\/p><div class=\"wpcf7-response-output\" aria-hidden=\"true\"><\/div>\n<\/form>\n<\/div>\n[vc_empty_space height=\u00bb30px\u00bb el_class=\u00bblg-hidden md-hidden\u00bb][\/vc_column][vc_column width=\u00bb1\/2&#8243; offset=\u00bbvc_col-md-5&#8243;][vc_column_text css=\u00bb.vc_custom_1553496239426{margin-bottom: 0px !important;padding-top: 30px !important;padding-right: 30px !important;padding-bottom: 30px !important;padding-left: 30px !important;background-image: url(http:\/\/wpdemo.archiwp.com\/consultax\/wp-content\/uploads\/sites\/2\/2019\/03\/bg-contact.jpg?id=1133) !important;background-position: center !important;background-repeat: no-repeat !important;background-size: cover !important;border-radius: 2px !important;}\u00bb el_class=\u00bbtext-light contact-box\u00bb]<\/p>\n<h6 class=\"font12\">Hotline<\/h6>\n<h4>+917 8124 &#8211; 3527<\/h4>\n<h6 class=\"font12\">Location<\/h6>\n<h4>307 Jesse Centers<br \/>\nLondon City, England 12568<\/h4>\n<p><a class=\"pagelink\" href=\"http:\/\/localhost\/consultax\/contact-us\/\">Contact Us<\/a>[\/vc_column_text][\/vc_column][\/vc_row][vc_row][vc_column width=\u00bb1\/6&#8243;][\/vc_column][vc_column width=\u00bb2\/3&#8243;]\n    <div class=\"section-head \">\n                    <h6><span>EDIN RAMIREZ<\/span><\/h6>\n                <h2 class=\"section-title\">V\u00eddeos<\/h2>\n            <\/div>\n\n[vc_column_text css=\u00bb\u00bb]<\/p>\n<p style=\"text-align: center;\"><iframe loading=\"lazy\" title=\"YouTube video player\" src=\"https:\/\/www.youtube.com\/embed\/WCQJ1tEPYEg?si=A2u9dm2JyDlUJXGI\" width=\"560\" height=\"315\" frameborder=\"0\" allowfullscreen=\"allowfullscreen\"><\/iframe><\/p>\n<p>[\/vc_column_text][vc_separator color=\u00bbblue\u00bb css=\u00bb\u00bb][\/vc_column][vc_column width=\u00bb1\/6&#8243;][\/vc_column][\/vc_row][vc_row][vc_column width=\u00bb1\/6&#8243;][\/vc_column][vc_column width=\u00bb2\/3&#8243;][vc_column_text css=\u00bb\u00bb]<\/p>\n<p style=\"text-align: center;\"><iframe loading=\"lazy\" title=\"YouTube video player\" src=\"https:\/\/www.youtube.com\/embed\/9-T1DKuwqc8?si=GoduZTM5lpzsyFjr\" width=\"560\" height=\"315\" frameborder=\"0\" allowfullscreen=\"allowfullscreen\"><\/iframe><\/p>\n<p>[\/vc_column_text][vc_separator color=\u00bbblue\u00bb css=\u00bb\u00bb][\/vc_column][vc_column width=\u00bb1\/6&#8243;][\/vc_column][\/vc_row][vc_row][vc_column width=\u00bb1\/6&#8243;][\/vc_column][vc_column width=\u00bb2\/3&#8243;][vc_column_text css=\u00bb\u00bb]<\/p>\n<p style=\"text-align: center;\"><iframe loading=\"lazy\" title=\"Publicaci\u00f3n integrada\" src=\"https:\/\/www.linkedin.com\/embed\/feed\/update\/urn:li:ugcPost:7034603748941275137\" width=\"504\" height=\"808\" frameborder=\"0\" allowfullscreen=\"allowfullscreen\"><\/iframe><\/p>\n<p>[\/vc_column_text][\/vc_column][vc_column width=\u00bb1\/6&#8243;][\/vc_column][\/vc_row]<\/p>\n<\/div>","protected":false},"excerpt":{"rendered":"<p>[vc_row][vc_column][\/vc_column][\/vc_row][vc_row css=\u00bb.vc_custom_1553076901496{padding-top: 130px !important;padding-bottom: 130px !important;background-image: url(http:\/\/wpdemo.archiwp.com\/consultax\/wp-content\/uploads\/sites\/2\/2019\/03\/bg-how.jpg?id=1157) !important;background-position: center !important;background-repeat: no-repeat !important;background-size: cover !important;}\u00bb el_class=\u00bbradius-top\u00bb][vc_column width=\u00bb1\/4&#8243;][\/vc_column][vc_column width=\u00bb1\/2&#8243;][vc_column_text css=\u00bb.vc_custom_1717556778818{margin-bottom: 0px !important;}\u00bb el_class=\u00bbtext-light\u00bb] \u201cLa mejor manera de emprender un negocio, es dejar de hablar y ponerse a trabajar\u201d &#8211; Edin Ramirez \u201cEl empleado cree que es el empresario due\u00f1o del negocio quien paga el salario de cada [&hellip;]<\/p>\n","protected":false},"author":1,"featured_media":0,"parent":0,"menu_order":0,"comment_status":"closed","ping_status":"closed","template":"","meta":{"footnotes":""},"class_list":["post-1152","page","type-page","status-publish","hentry"],"_links":{"self":[{"href":"https:\/\/edinramirez.com\/index.php\/wp-json\/wp\/v2\/pages\/1152","targetHints":{"allow":["GET"]}}],"collection":[{"href":"https:\/\/edinramirez.com\/index.php\/wp-json\/wp\/v2\/pages"}],"about":[{"href":"https:\/\/edinramirez.com\/index.php\/wp-json\/wp\/v2\/types\/page"}],"author":[{"embeddable":true,"href":"https:\/\/edinramirez.com\/index.php\/wp-json\/wp\/v2\/users\/1"}],"replies":[{"embeddable":true,"href":"https:\/\/edinramirez.com\/index.php\/wp-json\/wp\/v2\/comments?post=1152"}],"version-history":[{"count":49,"href":"https:\/\/edinramirez.com\/index.php\/wp-json\/wp\/v2\/pages\/1152\/revisions"}],"predecessor-version":[{"id":2182,"href":"https:\/\/edinramirez.com\/index.php\/wp-json\/wp\/v2\/pages\/1152\/revisions\/2182"}],"wp:attachment":[{"href":"https:\/\/edinramirez.com\/index.php\/wp-json\/wp\/v2\/media?parent=1152"}],"curies":[{"name":"wp","href":"https:\/\/api.w.org\/{rel}","templated":true}]}}